{"id":809,"date":"2025-12-10T00:54:44","date_gmt":"2025-12-10T00:54:44","guid":{"rendered":"https:\/\/fianzasatlas.com.mx\/web\/?page_id=809"},"modified":"2026-03-03T19:35:20","modified_gmt":"2026-03-03T19:35:20","slug":"buro","status":"publish","type":"page","link":"https:\/\/fianzasatlas.com.mx\/web\/buro\/","title":{"rendered":"Bur\u00f3"},"content":{"rendered":"\t\t<div data-elementor-type=\"wp-page\" data-elementor-id=\"809\" class=\"elementor elementor-809\" data-elementor-post-type=\"page\">\n\t\t\t\t<div class=\"elementor-element elementor-element-c64ded2 e-con-full e-flex e-con e-parent\" data-id=\"c64ded2\" data-element_type=\"container\" data-e-type=\"container\">\n\t\t<div class=\"elementor-element elementor-element-98edc14 e-con-full e-flex e-con e-child\" data-id=\"98edc14\" data-element_type=\"container\" data-e-type=\"container\" data-settings=\"{&quot;background_background&quot;:&quot;classic&quot;}\">\n\t\t\t\t<div class=\"elementor-element elementor-element-2203fcf elementor-widget elementor-widget-heading\" data-id=\"2203fcf\" data-element_type=\"widget\" data-e-type=\"widget\" data-widget_type=\"heading.default\">\n\t\t\t\t\t<h2 class=\"elementor-heading-title elementor-size-default\">bur\u00f3 de entidades financieras<\/h2>\t\t\t\t<\/div>\n\t\t\t\t<\/div>\n\t\t\t\t<\/div>\n\t\t<div class=\"elementor-element elementor-element-9d4c181 e-con-full e-flex e-con e-parent\" data-id=\"9d4c181\" data-element_type=\"container\" data-e-type=\"container\">\n\t\t<div class=\"elementor-element elementor-element-08c8b39 e-con-full e-flex e-con e-child\" data-id=\"08c8b39\" data-element_type=\"container\" data-e-type=\"container\">\n\t\t\t\t<div class=\"elementor-element elementor-element-fd2a664 elementor-widget elementor-widget-image\" data-id=\"fd2a664\" data-element_type=\"widget\" data-e-type=\"widget\" data-widget_type=\"image.default\">\n\t\t\t\t\t\t\t\t\t\t\t\t\t\t\t<img fetchpriority=\"high\" decoding=\"async\" width=\"804\" height=\"790\" src=\"https:\/\/fianzasatlas.com.mx\/web\/wp-content\/uploads\/2025\/11\/buro_logo.webp\" class=\"attachment-full size-full wp-image-83\" alt=\"\" srcset=\"https:\/\/fianzasatlas.com.mx\/web\/wp-content\/uploads\/2025\/11\/buro_logo.webp 804w, https:\/\/fianzasatlas.com.mx\/web\/wp-content\/uploads\/2025\/11\/buro_logo-300x295.webp 300w, https:\/\/fianzasatlas.com.mx\/web\/wp-content\/uploads\/2025\/11\/buro_logo-768x755.webp 768w\" sizes=\"(max-width: 804px) 100vw, 804px\" \/>\t\t\t\t\t\t\t\t\t\t\t\t\t\t\t<\/div>\n\t\t\t\t<\/div>\n\t\t<div class=\"elementor-element elementor-element-946986e e-con-full e-flex e-con e-child\" data-id=\"946986e\" data-element_type=\"container\" data-e-type=\"container\">\n\t\t\t\t<div class=\"elementor-element elementor-element-065280d elementor-widget elementor-widget-text-editor\" data-id=\"065280d\" data-element_type=\"widget\" data-e-type=\"widget\" data-widget_type=\"text-editor.default\">\n\t\t\t\t\t\t\t\t\t<p><strong>Descripci\u00f3n y alcance del Bur\u00f3 de Entidades Financieras:<br \/>\u00bfQu\u00e9 es el Bur\u00f3 de Entidades Financieras?<\/strong><\/p><p>Es una herramienta de consulta y difusi\u00f3n con la que podr\u00e1s conocer los productos que ofrecen las entidades financieras, sus comisiones y tasas, las reclamaciones de los usuarios, las pr\u00e1cticas no sanas en que incurren, las sanciones administrativas que les han impuesto, las cl\u00e1usulas abusivas de sus contratos y otra informaci\u00f3n que resulte relevante para informarte sobre su desempe\u00f1o.<\/p><p>Con el Bur\u00f3 de Entidades Financieras, se lograr\u00e1 saber qui\u00e9n es qui\u00e9n en bancos, seguros, sociedades financieras de objeto m\u00faltiple, cajas de ahorro, afores, entre otras entidades.<br \/>Con ello, podr\u00e1s comparar y evaluar a las entidades financieras, sus productos y servicios y tendr\u00e1s mayores elementos para elegir lo que m\u00e1s te convenga.<br \/>Esta informaci\u00f3n te ser\u00e1 \u00fatil para elegir un producto financiero y tambi\u00e9n para conocer y usar mejor los que ya tienes.<\/p><p>Este Bur\u00f3 de Entidades Financieras, es una herramienta que puede contribuir al crecimiento econ\u00f3mico del pa\u00eds, al promover la competencia entre las instituciones financieras; que impulsar\u00e1 la transparencia al revelar informaci\u00f3n a los usuarios sobre el desempe\u00f1o de \u00e9stas y los productos que ofrecen y que va a facilitar un manejo responsable de los productos y servicios financieros al conocer a detalle sus caracter\u00edsticas.<\/p><p>Lo anterior, podr\u00e1 derivar en un mayor bienestar social, porque al conjuntar en un solo espacio tan diversa informaci\u00f3n del sistema financiero, el usuario tendr\u00e1 m\u00e1s elementos para optimizar su presupuesto, para mejorar sus finanzas personales, para utilizar correctamente los cr\u00e9ditos que fortalecer\u00e1n su econom\u00eda y obtener los seguros que la protejan, entre otros aspectos.<\/p>\t\t\t\t\t\t\t\t<\/div>\n\t\t\t\t<div class=\"elementor-element elementor-element-5472878 elementor-widget__width-initial elementor-widget elementor-widget-image\" data-id=\"5472878\" data-element_type=\"widget\" data-e-type=\"widget\" data-widget_type=\"image.default\">\n\t\t\t\t\t\t\t\t\t\t\t\t\t\t\t\t<a href=\"https:\/\/www.buro.gob.mx\/general_gob.php?id_sector=22&#038;id_periodo=37\" target=\"_blank\">\n\t\t\t\t\t\t\t<img decoding=\"async\" width=\"1446\" height=\"410\" src=\"https:\/\/fianzasatlas.com.mx\/web\/wp-content\/uploads\/2026\/03\/uneinfo.png\" class=\"attachment-full size-full wp-image-1493\" alt=\"\" srcset=\"https:\/\/fianzasatlas.com.mx\/web\/wp-content\/uploads\/2026\/03\/uneinfo.png 1446w, https:\/\/fianzasatlas.com.mx\/web\/wp-content\/uploads\/2026\/03\/uneinfo-300x85.png 300w, https:\/\/fianzasatlas.com.mx\/web\/wp-content\/uploads\/2026\/03\/uneinfo-1024x290.png 1024w, https:\/\/fianzasatlas.com.mx\/web\/wp-content\/uploads\/2026\/03\/uneinfo-768x218.png 768w\" sizes=\"(max-width: 1446px) 100vw, 1446px\" \/>\t\t\t\t\t\t\t\t<\/a>\n\t\t\t\t\t\t\t\t\t\t\t\t\t\t\t<\/div>\n\t\t<div class=\"elementor-element elementor-element-9fcc039 e-con-full e-flex e-con e-child\" data-id=\"9fcc039\" data-element_type=\"container\" data-e-type=\"container\">\n\t\t\t\t<div class=\"elementor-element elementor-element-4d90bf0 elementor-widget elementor-widget-text-editor\" data-id=\"4d90bf0\" data-element_type=\"widget\" data-e-type=\"widget\" data-widget_type=\"text-editor.default\">\n\t\t\t\t\t\t\t\t\t<p><strong>La informaci\u00f3n corresponde \u00fanicamente a Fianzas y Cauciones Atlas y para conocer la informaci\u00f3n de todo el sector a la que corresponda, se podr\u00e1 acceder al sitio http:\/\/www.buro.gob.mx.<\/strong><\/p>\t\t\t\t\t\t\t\t<\/div>\n\t\t\t\t<\/div>\n\t\t\t\t<\/div>\n\t\t\t\t<\/div>\n\t\t\t\t<\/div>\n\t\t","protected":false},"excerpt":{"rendered":"<p>bur\u00f3 de entidades financieras Descripci\u00f3n y alcance del Bur\u00f3 de Entidades Financieras:\u00bfQu\u00e9 es el Bur\u00f3 de Entidades Financieras? Es una herramienta de consulta y difusi\u00f3n con la que podr\u00e1s conocer los productos que ofrecen las entidades financieras, sus comisiones y tasas, las reclamaciones de los usuarios, las pr\u00e1cticas no sanas en que incurren, las sanciones [&hellip;]<\/p>\n","protected":false},"author":1,"featured_media":0,"parent":0,"menu_order":0,"comment_status":"closed","ping_status":"closed","template":"elementor_header_footer","meta":{"footnotes":""},"class_list":["post-809","page","type-page","status-publish","hentry"],"_links":{"self":[{"href":"https:\/\/fianzasatlas.com.mx\/web\/wp-json\/wp\/v2\/pages\/809","targetHints":{"allow":["GET"]}}],"collection":[{"href":"https:\/\/fianzasatlas.com.mx\/web\/wp-json\/wp\/v2\/pages"}],"about":[{"href":"https:\/\/fianzasatlas.com.mx\/web\/wp-json\/wp\/v2\/types\/page"}],"author":[{"embeddable":true,"href":"https:\/\/fianzasatlas.com.mx\/web\/wp-json\/wp\/v2\/users\/1"}],"replies":[{"embeddable":true,"href":"https:\/\/fianzasatlas.com.mx\/web\/wp-json\/wp\/v2\/comments?post=809"}],"version-history":[{"count":13,"href":"https:\/\/fianzasatlas.com.mx\/web\/wp-json\/wp\/v2\/pages\/809\/revisions"}],"predecessor-version":[{"id":1496,"href":"https:\/\/fianzasatlas.com.mx\/web\/wp-json\/wp\/v2\/pages\/809\/revisions\/1496"}],"wp:attachment":[{"href":"https:\/\/fianzasatlas.com.mx\/web\/wp-json\/wp\/v2\/media?parent=809"}],"curies":[{"name":"wp","href":"https:\/\/api.w.org\/{rel}","templated":true}]}}