{"id":500,"date":"2025-11-25T17:15:47","date_gmt":"2025-11-25T17:15:47","guid":{"rendered":"https:\/\/fianzasatlas.com.mx\/web\/?page_id=500"},"modified":"2026-03-03T19:06:25","modified_gmt":"2026-03-03T19:06:25","slug":"documentacion-contractual","status":"publish","type":"page","link":"https:\/\/fianzasatlas.com.mx\/web\/documentacion-contractual\/","title":{"rendered":"Documentaci\u00f3n contractual"},"content":{"rendered":"\t\t<div data-elementor-type=\"wp-page\" data-elementor-id=\"500\" class=\"elementor elementor-500\" data-elementor-post-type=\"page\">\n\t\t\t\t<div class=\"elementor-element elementor-element-6233a8a e-con-full e-flex e-con e-parent\" data-id=\"6233a8a\" data-element_type=\"container\" data-e-type=\"container\">\n\t\t<div class=\"elementor-element elementor-element-e56b89d e-con-full e-flex e-con e-child\" data-id=\"e56b89d\" data-element_type=\"container\" data-e-type=\"container\" data-settings=\"{&quot;background_background&quot;:&quot;classic&quot;}\">\n\t\t\t\t<div class=\"elementor-element elementor-element-5fabedb elementor-widget elementor-widget-heading\" data-id=\"5fabedb\" data-element_type=\"widget\" data-e-type=\"widget\" data-widget_type=\"heading.default\">\n\t\t\t\t\t<h2 class=\"elementor-heading-title elementor-size-default\">DOCUMENTACION CONTRACTUAL<\/h2>\t\t\t\t<\/div>\n\t\t\t\t<\/div>\n\t\t\t\t<\/div>\n\t\t<div class=\"elementor-element elementor-element-ff945ef e-con-full e-flex e-con e-parent\" data-id=\"ff945ef\" data-element_type=\"container\" data-e-type=\"container\">\n\t\t<div class=\"elementor-element elementor-element-0e13647 e-con-full e-flex e-con e-child\" data-id=\"0e13647\" data-element_type=\"container\" data-e-type=\"container\">\n\t\t\t\t<\/div>\n\t\t<div class=\"elementor-element elementor-element-3b42a6b e-con-full e-flex e-con e-child\" data-id=\"3b42a6b\" data-element_type=\"container\" data-e-type=\"container\">\n\t\t\t\t<div class=\"elementor-element elementor-element-f2b5e91 elementor-widget elementor-widget-text-editor\" data-id=\"f2b5e91\" data-element_type=\"widget\" data-e-type=\"widget\" data-widget_type=\"text-editor.default\">\n\t\t\t\t\t\t\t\t\t<p><strong>FORMA PARA OBTENER UNA FIANZA<\/strong><\/p><p>En caso de ser la primera opci\u00f3n que solicita, favor de revisar la siguiente informaci\u00f3n:<\/p><p>Toda esta informaci\u00f3n deber\u00e1 ser entregada previamente a la emisi\u00f3n de la fianza<\/p>\t\t\t\t\t\t\t\t<\/div>\n\t\t\t\t<div class=\"elementor-element elementor-element-d0ae5ac elementor-widget elementor-widget-heading\" data-id=\"d0ae5ac\" data-element_type=\"widget\" data-e-type=\"widget\" data-widget_type=\"heading.default\">\n\t\t\t\t\t<h2 class=\"elementor-heading-title elementor-size-default\">1. Requisitos para persona F\u00edsica o Moral<\/h2>\t\t\t\t<\/div>\n\t\t<div class=\"elementor-element elementor-element-5a67c5e e-con-full e-flex e-con e-child\" data-id=\"5a67c5e\" data-element_type=\"container\" data-e-type=\"container\">\n\t\t\t\t<div class=\"elementor-element elementor-element-6f190a9 elementor-widget elementor-widget-text-editor\" data-id=\"6f190a9\" data-element_type=\"widget\" data-e-type=\"widget\" data-widget_type=\"text-editor.default\">\n\t\t\t\t\t\t\t\t\t<p>\u2022 CONTRATO DE SOLICITUD FIRMADO.<\/p>\t\t\t\t\t\t\t\t<\/div>\n\t\t\t\t<div class=\"elementor-element elementor-element-7d2c70c elementor-widget elementor-widget-button\" data-id=\"7d2c70c\" data-element_type=\"widget\" data-e-type=\"widget\" data-widget_type=\"button.default\">\n\t\t\t\t\t\t\t\t\t\t<a class=\"elementor-button elementor-button-link elementor-size-sm\" href=\"https:\/\/fianzasatlas.com.mx\/web\/wp-content\/uploads\/2025\/12\/multiplefmt.pdf\" target=\"_blank\">\n\t\t\t\t\t\t<span class=\"elementor-button-content-wrapper\">\n\t\t\t\t\t\t\t\t\t<span class=\"elementor-button-text\">CONTRATO M\u00daLTIPLE Y SISTEM\u00c1TICO (PDF)<\/span>\n\t\t\t\t\t<\/span>\n\t\t\t\t\t<\/a>\n\t\t\t\t\t\t\t\t<\/div>\n\t\t\t\t<\/div>\n\t\t<div class=\"elementor-element elementor-element-ba5d07b e-con-full e-flex e-con e-child\" data-id=\"ba5d07b\" data-element_type=\"container\" data-e-type=\"container\">\n\t\t\t\t<div class=\"elementor-element elementor-element-6a7499b elementor-widget elementor-widget-text-editor\" data-id=\"6a7499b\" data-element_type=\"widget\" data-e-type=\"widget\" data-widget_type=\"text-editor.default\">\n\t\t\t\t\t\t\t\t\t<p>\u2022 CUESTIONARIO DEL SOLICITANTE Y OBLIGADO SOLIDARIO.<\/p>\t\t\t\t\t\t\t\t<\/div>\n\t\t\t\t<div class=\"elementor-element elementor-element-30cb384 elementor-widget elementor-widget-button\" data-id=\"30cb384\" data-element_type=\"widget\" data-e-type=\"widget\" data-widget_type=\"button.default\">\n\t\t\t\t\t\t\t\t\t\t<a class=\"elementor-button elementor-button-link elementor-size-sm\" href=\"https:\/\/fianzasatlas.com.mx\/web\/wp-content\/uploads\/2025\/12\/cuestionariopf22a1.pdf\" target=\"_blank\">\n\t\t\t\t\t\t<span class=\"elementor-button-content-wrapper\">\n\t\t\t\t\t\t\t\t\t<span class=\"elementor-button-text\">CUESTIONARIO PERSONA F\u00cdSICA INICIAL(PDF)<\/span>\n\t\t\t\t\t<\/span>\n\t\t\t\t\t<\/a>\n\t\t\t\t\t\t\t\t<\/div>\n\t\t\t\t<div class=\"elementor-element elementor-element-4505133 elementor-widget elementor-widget-button\" data-id=\"4505133\" data-element_type=\"widget\" data-e-type=\"widget\" data-widget_type=\"button.default\">\n\t\t\t\t\t\t\t\t\t\t<a class=\"elementor-button elementor-button-link elementor-size-sm\" href=\"https:\/\/fianzasatlas.com.mx\/web\/wp-content\/uploads\/2025\/12\/cuestionariopfseg21.pdf\" target=\"_blank\">\n\t\t\t\t\t\t<span class=\"elementor-button-content-wrapper\">\n\t\t\t\t\t\t\t\t\t<span class=\"elementor-button-text\">CUESTIONARIO PERSONA F\u00cdSICA SEGUIMIENTO(PDF)<\/span>\n\t\t\t\t\t<\/span>\n\t\t\t\t\t<\/a>\n\t\t\t\t\t\t\t\t<\/div>\n\t\t\t\t<div class=\"elementor-element elementor-element-5280011 elementor-widget elementor-widget-button\" data-id=\"5280011\" data-element_type=\"widget\" data-e-type=\"widget\" data-widget_type=\"button.default\">\n\t\t\t\t\t\t\t\t\t\t<a class=\"elementor-button elementor-button-link elementor-size-sm\" href=\"https:\/\/fianzasatlas.com.mx\/web\/wp-content\/uploads\/2025\/12\/cuestionariopm222b1.pdf\" target=\"_blank\">\n\t\t\t\t\t\t<span class=\"elementor-button-content-wrapper\">\n\t\t\t\t\t\t\t\t\t<span class=\"elementor-button-text\">CUESTIONARIO PERSONA MORAL (PDF)<\/span>\n\t\t\t\t\t<\/span>\n\t\t\t\t\t<\/a>\n\t\t\t\t\t\t\t\t<\/div>\n\t\t\t\t<div class=\"elementor-element elementor-element-23a8b3a elementor-widget elementor-widget-button\" data-id=\"23a8b3a\" data-element_type=\"widget\" data-e-type=\"widget\" data-widget_type=\"button.default\">\n\t\t\t\t\t\t\t\t\t\t<a class=\"elementor-button elementor-button-link elementor-size-sm\" href=\"https:\/\/fianzasatlas.com.mx\/web\/wp-content\/uploads\/2025\/12\/cuestionariopmseg21.pdf\" target=\"_blank\">\n\t\t\t\t\t\t<span class=\"elementor-button-content-wrapper\">\n\t\t\t\t\t\t\t\t\t<span class=\"elementor-button-text\">CUESTIONARIO PERSONA MORAL SEGUIMIENTO(PDF)<\/span>\n\t\t\t\t\t<\/span>\n\t\t\t\t\t<\/a>\n\t\t\t\t\t\t\t\t<\/div>\n\t\t\t\t<\/div>\n\t\t<div class=\"elementor-element elementor-element-33da095 e-con-full e-flex e-con e-child\" data-id=\"33da095\" data-element_type=\"container\" data-e-type=\"container\">\n\t\t\t\t<div class=\"elementor-element elementor-element-4f2e47b elementor-widget elementor-widget-text-editor\" data-id=\"4f2e47b\" data-element_type=\"widget\" data-e-type=\"widget\" data-widget_type=\"text-editor.default\">\n\t\t\t\t\t\t\t\t\t<p>\u2022 AUTORIZACI\u00d3N PARA INVESTIGACI\u00d3N EN EL B\u00daRO DE CR\u00c9DITO<\/p>\t\t\t\t\t\t\t\t<\/div>\n\t\t\t\t<div class=\"elementor-element elementor-element-8ddb71e elementor-widget elementor-widget-button\" data-id=\"8ddb71e\" data-element_type=\"widget\" data-e-type=\"widget\" data-widget_type=\"button.default\">\n\t\t\t\t\t\t\t\t\t\t<a class=\"elementor-button elementor-button-link elementor-size-sm\" href=\"https:\/\/fianzasatlas.com.mx\/web\/wp-content\/uploads\/2025\/12\/Buropf.pdf\" target=\"_blank\">\n\t\t\t\t\t\t<span class=\"elementor-button-content-wrapper\">\n\t\t\t\t\t\t\t\t\t<span class=\"elementor-button-text\">AUTORIZACI\u00d3N PARA PERSONA F\u00cdSICA (PDF)<\/span>\n\t\t\t\t\t<\/span>\n\t\t\t\t\t<\/a>\n\t\t\t\t\t\t\t\t<\/div>\n\t\t\t\t<div class=\"elementor-element elementor-element-dc0dfcd elementor-widget elementor-widget-button\" data-id=\"dc0dfcd\" data-element_type=\"widget\" data-e-type=\"widget\" data-widget_type=\"button.default\">\n\t\t\t\t\t\t\t\t\t\t<a class=\"elementor-button elementor-button-link elementor-size-sm\" href=\"https:\/\/fianzasatlas.com.mx\/web\/wp-content\/uploads\/2025\/12\/Buropfpoder.pdf\" target=\"_blank\">\n\t\t\t\t\t\t<span class=\"elementor-button-content-wrapper\">\n\t\t\t\t\t\t\t\t\t<span class=\"elementor-button-text\">AUTORIZACI\u00d3N PARA PERSONA F\u00cdSICA CON PODER (PDF)<\/span>\n\t\t\t\t\t<\/span>\n\t\t\t\t\t<\/a>\n\t\t\t\t\t\t\t\t<\/div>\n\t\t\t\t<div class=\"elementor-element elementor-element-dbcb2f8 elementor-widget elementor-widget-button\" data-id=\"dbcb2f8\" data-element_type=\"widget\" data-e-type=\"widget\" data-widget_type=\"button.default\">\n\t\t\t\t\t\t\t\t\t\t<a class=\"elementor-button elementor-button-link elementor-size-sm\" href=\"https:\/\/fianzasatlas.com.mx\/web\/wp-content\/uploads\/2025\/12\/Buropm.pdf\" target=\"_blank\">\n\t\t\t\t\t\t<span class=\"elementor-button-content-wrapper\">\n\t\t\t\t\t\t\t\t\t<span class=\"elementor-button-text\">AUTORIZACI\u00d3N PARA PERSONA MORAL (PDF)<\/span>\n\t\t\t\t\t<\/span>\n\t\t\t\t\t<\/a>\n\t\t\t\t\t\t\t\t<\/div>\n\t\t\t\t<\/div>\n\t\t<div class=\"elementor-element elementor-element-a598d9c e-con-full e-flex e-con e-child\" data-id=\"a598d9c\" data-element_type=\"container\" data-e-type=\"container\">\n\t\t\t\t<div class=\"elementor-element elementor-element-d0d75d7 elementor-widget elementor-widget-text-editor\" data-id=\"d0d75d7\" data-element_type=\"widget\" data-e-type=\"widget\" data-widget_type=\"text-editor.default\">\n\t\t\t\t\t\t\t\t\t<p>\u2022 CONTRATO PRENDA<\/p>\t\t\t\t\t\t\t\t<\/div>\n\t\t\t\t<div class=\"elementor-element elementor-element-d632094 elementor-widget elementor-widget-button\" data-id=\"d632094\" data-element_type=\"widget\" data-e-type=\"widget\" data-widget_type=\"button.default\">\n\t\t\t\t\t\t\t\t\t\t<a class=\"elementor-button elementor-button-link elementor-size-sm\" href=\"https:\/\/fianzasatlas.com.mx\/web\/wp-content\/uploads\/2025\/12\/contratoprenda25pm.docx\" target=\"_blank\">\n\t\t\t\t\t\t<span class=\"elementor-button-content-wrapper\">\n\t\t\t\t\t\t\t\t\t<span class=\"elementor-button-text\">CONTRATO DE CONSTITUCI\u00d3N DE PRENDA EN EFECTIVO PM<\/span>\n\t\t\t\t\t<\/span>\n\t\t\t\t\t<\/a>\n\t\t\t\t\t\t\t\t<\/div>\n\t\t\t\t<div class=\"elementor-element elementor-element-043f8e6 elementor-widget elementor-widget-button\" data-id=\"043f8e6\" data-element_type=\"widget\" data-e-type=\"widget\" data-widget_type=\"button.default\">\n\t\t\t\t\t\t\t\t\t\t<a class=\"elementor-button elementor-button-link elementor-size-sm\" href=\"https:\/\/fianzasatlas.com.mx\/web\/wp-content\/uploads\/2025\/12\/contratoprenda25pf.docx\" target=\"_blank\">\n\t\t\t\t\t\t<span class=\"elementor-button-content-wrapper\">\n\t\t\t\t\t\t\t\t\t<span class=\"elementor-button-text\">CONTRATO DE CONSTITUCI\u00d3N DE PRENDA EN EFECTIVO PF<\/span>\n\t\t\t\t\t<\/span>\n\t\t\t\t\t<\/a>\n\t\t\t\t\t\t\t\t<\/div>\n\t\t\t\t<div class=\"elementor-element elementor-element-148117b elementor-widget elementor-widget-button\" data-id=\"148117b\" data-element_type=\"widget\" data-e-type=\"widget\" data-widget_type=\"button.default\">\n\t\t\t\t\t\t\t\t\t\t<a class=\"elementor-button elementor-button-link elementor-size-sm\" href=\"https:\/\/fianzasatlas.com.mx\/web\/wp-content\/uploads\/2025\/12\/contratoprendamx25pm.docx\" target=\"_blank\">\n\t\t\t\t\t\t<span class=\"elementor-button-content-wrapper\">\n\t\t\t\t\t\t\t\t\t<span class=\"elementor-button-text\">CONTRATO DE CONSTITUCI\u00d3N DE PRENDA EN MONEDA EXTRANJERA PM<\/span>\n\t\t\t\t\t<\/span>\n\t\t\t\t\t<\/a>\n\t\t\t\t\t\t\t\t<\/div>\n\t\t\t\t<div class=\"elementor-element elementor-element-bd3077d elementor-widget elementor-widget-button\" data-id=\"bd3077d\" data-element_type=\"widget\" data-e-type=\"widget\" data-widget_type=\"button.default\">\n\t\t\t\t\t\t\t\t\t\t<a class=\"elementor-button elementor-button-link elementor-size-sm\" href=\"https:\/\/fianzasatlas.com.mx\/web\/wp-content\/uploads\/2025\/12\/contratoprendamx25pf.docx\" target=\"_blank\">\n\t\t\t\t\t\t<span class=\"elementor-button-content-wrapper\">\n\t\t\t\t\t\t\t\t\t<span class=\"elementor-button-text\">CONTRATO DE CONSTITUCI\u00d3N DE PRENDA EN MONEDA EXTRANJERA PF<\/span>\n\t\t\t\t\t<\/span>\n\t\t\t\t\t<\/a>\n\t\t\t\t\t\t\t\t<\/div>\n\t\t\t\t<\/div>\n\t\t<div class=\"elementor-element elementor-element-5cb4fd6 e-con-full e-flex e-con e-child\" data-id=\"5cb4fd6\" data-element_type=\"container\" data-e-type=\"container\">\n\t\t\t\t<div class=\"elementor-element elementor-element-762c4d6 elementor-widget elementor-widget-text-editor\" data-id=\"762c4d6\" data-element_type=\"widget\" data-e-type=\"widget\" data-widget_type=\"text-editor.default\">\n\t\t\t\t\t\t\t\t\t<p>\u2022 SEGURO DE CAUCI\u00d3N<\/p>\t\t\t\t\t\t\t\t<\/div>\n\t\t\t\t<div class=\"elementor-element elementor-element-751276b elementor-widget elementor-widget-button\" data-id=\"751276b\" data-element_type=\"widget\" data-e-type=\"widget\" data-widget_type=\"button.default\">\n\t\t\t\t\t\t\t\t\t\t<a class=\"elementor-button elementor-button-link elementor-size-sm\" href=\"https:\/\/fianzasatlas.com.mx\/web\/wp-content\/uploads\/2025\/12\/CaucionObra.pdf\" target=\"_blank\">\n\t\t\t\t\t\t<span class=\"elementor-button-content-wrapper\">\n\t\t\t\t\t\t\t\t\t<span class=\"elementor-button-text\">DC- SEGURO DE CAUCI\u00d3N DE OBRA, CNSF-S0803-0586-2018, 15 DE NOVIEMBRE 2018 (PDF)<\/span>\n\t\t\t\t\t<\/span>\n\t\t\t\t\t<\/a>\n\t\t\t\t\t\t\t\t<\/div>\n\t\t\t\t<div class=\"elementor-element elementor-element-e8b5371 elementor-widget elementor-widget-button\" data-id=\"e8b5371\" data-element_type=\"widget\" data-e-type=\"widget\" data-widget_type=\"button.default\">\n\t\t\t\t\t\t\t\t\t\t<a class=\"elementor-button elementor-button-link elementor-size-sm\" href=\"https:\/\/fianzasatlas.com.mx\/web\/wp-content\/uploads\/2025\/12\/CaucionObra17055019.pdf\" target=\"_blank\">\n\t\t\t\t\t\t<span class=\"elementor-button-content-wrapper\">\n\t\t\t\t\t\t\t\t\t<span class=\"elementor-button-text\">DC- SEGURO DE CAUCI\u00d3N DE OBRA, CNSF-S0803-0586-2018, 17 DE MAYO 2019 (PDF)<\/span>\n\t\t\t\t\t<\/span>\n\t\t\t\t\t<\/a>\n\t\t\t\t\t\t\t\t<\/div>\n\t\t\t\t<\/div>\n\t\t<div class=\"elementor-element elementor-element-95835e0 e-con-full e-flex e-con e-child\" data-id=\"95835e0\" data-element_type=\"container\" data-e-type=\"container\">\n\t\t\t\t<div class=\"elementor-element elementor-element-fa9b375 elementor-widget elementor-widget-text-editor\" data-id=\"fa9b375\" data-element_type=\"widget\" data-e-type=\"widget\" data-widget_type=\"text-editor.default\">\n\t\t\t\t\t\t\t\t\t<p>\u2022 FIDELIDAD<\/p>\t\t\t\t\t\t\t\t<\/div>\n\t\t\t\t<div class=\"elementor-element elementor-element-f0b2c73 elementor-widget elementor-widget-button\" data-id=\"f0b2c73\" data-element_type=\"widget\" data-e-type=\"widget\" data-widget_type=\"button.default\">\n\t\t\t\t\t\t\t\t\t\t<a class=\"elementor-button elementor-button-link elementor-size-sm\" href=\"https:\/\/fianzasatlas.com.mx\/web\/wp-content\/uploads\/2025\/12\/contercsecpriv2021.pdf\" target=\"_blank\">\n\t\t\t\t\t\t<span class=\"elementor-button-content-wrapper\">\n\t\t\t\t\t\t\t\t\t<span class=\"elementor-button-text\">CONTRATO TERCEROS SECTOR PRIVADO (PDF)<\/span>\n\t\t\t\t\t<\/span>\n\t\t\t\t\t<\/a>\n\t\t\t\t\t\t\t\t<\/div>\n\t\t\t\t<div class=\"elementor-element elementor-element-336ccf2 elementor-widget elementor-widget-button\" data-id=\"336ccf2\" data-element_type=\"widget\" data-e-type=\"widget\" data-widget_type=\"button.default\">\n\t\t\t\t\t\t\t\t\t\t<a class=\"elementor-button elementor-button-link elementor-size-sm\" href=\"https:\/\/fianzasatlas.com.mx\/web\/wp-content\/uploads\/2025\/12\/contercsecpub2021.pdf\" target=\"_blank\">\n\t\t\t\t\t\t<span class=\"elementor-button-content-wrapper\">\n\t\t\t\t\t\t\t\t\t<span class=\"elementor-button-text\">CONTRATO TERCEROS SECTOR P\u00daBLICO (PDF)<\/span>\n\t\t\t\t\t<\/span>\n\t\t\t\t\t<\/a>\n\t\t\t\t\t\t\t\t<\/div>\n\t\t\t\t<div class=\"elementor-element elementor-element-256110b elementor-widget elementor-widget-button\" data-id=\"256110b\" data-element_type=\"widget\" data-e-type=\"widget\" data-widget_type=\"button.default\">\n\t\t\t\t\t\t\t\t\t\t<a class=\"elementor-button elementor-button-link elementor-size-sm\" href=\"https:\/\/fianzasatlas.com.mx\/web\/wp-content\/uploads\/2025\/12\/conexpmulsis.pdf\" target=\"_blank\">\n\t\t\t\t\t\t<span class=\"elementor-button-content-wrapper\">\n\t\t\t\t\t\t\t\t\t<span class=\"elementor-button-text\">CONTRATO PARA LA EXPEDICI\u00d3N M\u00daLTIPLE Y SISTEM\u00c1TICA DE FIANZAS (PDF)<\/span>\n\t\t\t\t\t<\/span>\n\t\t\t\t\t<\/a>\n\t\t\t\t\t\t\t\t<\/div>\n\t\t\t\t<div class=\"elementor-element elementor-element-ac146fd elementor-widget elementor-widget-button\" data-id=\"ac146fd\" data-element_type=\"widget\" data-e-type=\"widget\" data-widget_type=\"button.default\">\n\t\t\t\t\t\t\t\t\t\t<a class=\"elementor-button elementor-button-link elementor-size-sm\" href=\"https:\/\/fianzasatlas.com.mx\/web\/wp-content\/uploads\/2025\/12\/solconfid.pdf\" target=\"_blank\">\n\t\t\t\t\t\t<span class=\"elementor-button-content-wrapper\">\n\t\t\t\t\t\t\t\t\t<span class=\"elementor-button-text\">SOLICITUD CONTRATO PARA FIANZA DE FIDELIDAD (PDF)<\/span>\n\t\t\t\t\t<\/span>\n\t\t\t\t\t<\/a>\n\t\t\t\t\t\t\t\t<\/div>\n\t\t\t\t<div class=\"elementor-element elementor-element-9e3c96d elementor-widget elementor-widget-button\" data-id=\"9e3c96d\" data-element_type=\"widget\" data-e-type=\"widget\" data-widget_type=\"button.default\">\n\t\t\t\t\t\t\t\t\t\t<a class=\"elementor-button elementor-button-link elementor-size-sm\" href=\"https:\/\/fianzasatlas.com.mx\/web\/wp-content\/uploads\/2025\/12\/dc_flujomaximo.pdf\" target=\"_blank\">\n\t\t\t\t\t\t<span class=\"elementor-button-content-wrapper\">\n\t\t\t\t\t\t\t\t\t<span class=\"elementor-button-text\">DC- FIANZA DE FLUJO MAXIMO, CNSF-S0803-0001-2019, 28 DE MAYO DE 2019 (PDF)<\/span>\n\t\t\t\t\t<\/span>\n\t\t\t\t\t<\/a>\n\t\t\t\t\t\t\t\t<\/div>\n\t\t\t\t<\/div>\n\t\t<div class=\"elementor-element elementor-element-0cd1688 e-con-full e-flex e-con e-child\" data-id=\"0cd1688\" data-element_type=\"container\" data-e-type=\"container\">\n\t\t\t\t<div class=\"elementor-element elementor-element-b56162d elementor-widget elementor-widget-text-editor\" data-id=\"b56162d\" data-element_type=\"widget\" data-e-type=\"widget\" data-widget_type=\"text-editor.default\">\n\t\t\t\t\t\t\t\t\t<p>\u2022 CARTAS COTEJO.<\/p>\t\t\t\t\t\t\t\t<\/div>\n\t\t\t\t<div class=\"elementor-element elementor-element-3214c31 elementor-widget elementor-widget-button\" data-id=\"3214c31\" data-element_type=\"widget\" data-e-type=\"widget\" data-widget_type=\"button.default\">\n\t\t\t\t\t\t\t\t\t\t<a class=\"elementor-button elementor-button-link elementor-size-sm\" href=\"https:\/\/fianzasatlas.com.mx\/web\/wp-content\/uploads\/2025\/12\/cotejoempleado21.pdf\" target=\"_blank\">\n\t\t\t\t\t\t<span class=\"elementor-button-content-wrapper\">\n\t\t\t\t\t\t\t\t\t<span class=\"elementor-button-text\">CARTA COTEJO EMPLEADO (PDF)<\/span>\n\t\t\t\t\t<\/span>\n\t\t\t\t\t<\/a>\n\t\t\t\t\t\t\t\t<\/div>\n\t\t\t\t<div class=\"elementor-element elementor-element-8c02d9a elementor-widget elementor-widget-button\" data-id=\"8c02d9a\" data-element_type=\"widget\" data-e-type=\"widget\" data-widget_type=\"button.default\">\n\t\t\t\t\t\t\t\t\t\t<a class=\"elementor-button elementor-button-link elementor-size-sm\" href=\"https:\/\/fianzasatlas.com.mx\/web\/wp-content\/uploads\/2025\/12\/cotejopf21.pdf\" target=\"_blank\">\n\t\t\t\t\t\t<span class=\"elementor-button-content-wrapper\">\n\t\t\t\t\t\t\t\t\t<span class=\"elementor-button-text\">CARTA COTEJO AGENTE PERSONA F\u00cdSICA (PDF)<\/span>\n\t\t\t\t\t<\/span>\n\t\t\t\t\t<\/a>\n\t\t\t\t\t\t\t\t<\/div>\n\t\t\t\t<div class=\"elementor-element elementor-element-f0e869c elementor-widget elementor-widget-button\" data-id=\"f0e869c\" data-element_type=\"widget\" data-e-type=\"widget\" data-widget_type=\"button.default\">\n\t\t\t\t\t\t\t\t\t\t<a class=\"elementor-button elementor-button-link elementor-size-sm\" href=\"https:\/\/fianzasatlas.com.mx\/web\/wp-content\/uploads\/2025\/12\/cotejopm21.pdf\" target=\"_blank\">\n\t\t\t\t\t\t<span class=\"elementor-button-content-wrapper\">\n\t\t\t\t\t\t\t\t\t<span class=\"elementor-button-text\">CARTA COTEJO AGENTE PERSONA MORAL (PDF)<\/span>\n\t\t\t\t\t<\/span>\n\t\t\t\t\t<\/a>\n\t\t\t\t\t\t\t\t<\/div>\n\t\t\t\t<\/div>\n\t\t\t\t<\/div>\n\t\t\t\t<\/div>\n\t\t\t\t<\/div>\n\t\t","protected":false},"excerpt":{"rendered":"<p>DOCUMENTACION CONTRACTUAL FORMA PARA OBTENER UNA FIANZA En caso de ser la primera opci\u00f3n que solicita, favor de revisar la siguiente informaci\u00f3n: Toda esta informaci\u00f3n deber\u00e1 ser entregada previamente a la emisi\u00f3n de la fianza 1. Requisitos para persona F\u00edsica o Moral \u2022 CONTRATO DE SOLICITUD FIRMADO. CONTRATO M\u00daLTIPLE Y SISTEM\u00c1TICO (PDF) \u2022 CUESTIONARIO DEL [&hellip;]<\/p>\n","protected":false},"author":1,"featured_media":0,"parent":0,"menu_order":0,"comment_status":"closed","ping_status":"closed","template":"elementor_header_footer","meta":{"footnotes":""},"class_list":["post-500","page","type-page","status-publish","hentry"],"_links":{"self":[{"href":"https:\/\/fianzasatlas.com.mx\/web\/wp-json\/wp\/v2\/pages\/500","targetHints":{"allow":["GET"]}}],"collection":[{"href":"https:\/\/fianzasatlas.com.mx\/web\/wp-json\/wp\/v2\/pages"}],"about":[{"href":"https:\/\/fianzasatlas.com.mx\/web\/wp-json\/wp\/v2\/types\/page"}],"author":[{"embeddable":true,"href":"https:\/\/fianzasatlas.com.mx\/web\/wp-json\/wp\/v2\/users\/1"}],"replies":[{"embeddable":true,"href":"https:\/\/fianzasatlas.com.mx\/web\/wp-json\/wp\/v2\/comments?post=500"}],"version-history":[{"count":58,"href":"https:\/\/fianzasatlas.com.mx\/web\/wp-json\/wp\/v2\/pages\/500\/revisions"}],"predecessor-version":[{"id":1492,"href":"https:\/\/fianzasatlas.com.mx\/web\/wp-json\/wp\/v2\/pages\/500\/revisions\/1492"}],"wp:attachment":[{"href":"https:\/\/fianzasatlas.com.mx\/web\/wp-json\/wp\/v2\/media?parent=500"}],"curies":[{"name":"wp","href":"https:\/\/api.w.org\/{rel}","templated":true}]}}