{"id":412,"date":"2025-11-24T22:40:24","date_gmt":"2025-11-24T22:40:24","guid":{"rendered":"https:\/\/fianzasatlas.com.mx\/web\/?page_id=412"},"modified":"2026-03-03T22:37:40","modified_gmt":"2026-03-03T22:37:40","slug":"objetivo-de-una-fianza","status":"publish","type":"page","link":"https:\/\/fianzasatlas.com.mx\/web\/objetivo-de-una-fianza\/","title":{"rendered":"Objetivo de una Fianza"},"content":{"rendered":"\t\t<div data-elementor-type=\"wp-page\" data-elementor-id=\"412\" class=\"elementor elementor-412\" data-elementor-post-type=\"page\">\n\t\t\t\t<div class=\"elementor-element elementor-element-aca74e0 e-con-full e-flex e-con e-parent\" data-id=\"aca74e0\" data-element_type=\"container\" data-e-type=\"container\">\n\t\t<div class=\"elementor-element elementor-element-ad2509a e-con-full e-flex e-con e-child\" data-id=\"ad2509a\" data-element_type=\"container\" data-e-type=\"container\" data-settings=\"{&quot;background_background&quot;:&quot;classic&quot;}\">\n\t\t\t\t<div class=\"elementor-element elementor-element-cdc7b39 elementor-widget elementor-widget-heading\" data-id=\"cdc7b39\" data-element_type=\"widget\" data-e-type=\"widget\" data-widget_type=\"heading.default\">\n\t\t\t\t\t<h2 class=\"elementor-heading-title elementor-size-default\">Objetivo de una fianza<\/h2>\t\t\t\t<\/div>\n\t\t\t\t<\/div>\n\t\t\t\t<\/div>\n\t\t<div class=\"elementor-element elementor-element-f0f9092 e-con-full e-flex e-con e-parent\" data-id=\"f0f9092\" data-element_type=\"container\" data-e-type=\"container\">\n\t\t<div class=\"elementor-element elementor-element-eaa3278 e-con-full e-flex e-con e-child\" data-id=\"eaa3278\" data-element_type=\"container\" data-e-type=\"container\">\n\t\t\t\t<div class=\"elementor-element elementor-element-09ade02 elementor-widget elementor-widget-image\" data-id=\"09ade02\" data-element_type=\"widget\" data-e-type=\"widget\" data-widget_type=\"image.default\">\n\t\t\t\t\t\t\t\t\t\t\t\t\t\t\t<img fetchpriority=\"high\" decoding=\"async\" width=\"1500\" height=\"1000\" src=\"https:\/\/fianzasatlas.com.mx\/web\/wp-content\/uploads\/2025\/11\/Fianzasycaucionesatlas_objetivo.webp\" class=\"attachment-full size-full wp-image-439\" alt=\"\" srcset=\"https:\/\/fianzasatlas.com.mx\/web\/wp-content\/uploads\/2025\/11\/Fianzasycaucionesatlas_objetivo.webp 1500w, https:\/\/fianzasatlas.com.mx\/web\/wp-content\/uploads\/2025\/11\/Fianzasycaucionesatlas_objetivo-300x200.webp 300w, https:\/\/fianzasatlas.com.mx\/web\/wp-content\/uploads\/2025\/11\/Fianzasycaucionesatlas_objetivo-1024x683.webp 1024w, https:\/\/fianzasatlas.com.mx\/web\/wp-content\/uploads\/2025\/11\/Fianzasycaucionesatlas_objetivo-768x512.webp 768w\" sizes=\"(max-width: 1500px) 100vw, 1500px\" \/>\t\t\t\t\t\t\t\t\t\t\t\t\t\t\t<\/div>\n\t\t\t\t<\/div>\n\t\t<div class=\"elementor-element elementor-element-f008ec2 e-con-full e-flex e-con e-child\" data-id=\"f008ec2\" data-element_type=\"container\" data-e-type=\"container\">\n\t\t\t\t<div class=\"elementor-element elementor-element-6ef14f2 elementor-widget elementor-widget-heading\" data-id=\"6ef14f2\" data-element_type=\"widget\" data-e-type=\"widget\" data-widget_type=\"heading.default\">\n\t\t\t\t\t<h2 class=\"elementor-heading-title elementor-size-default\">Objetivo de la fianza<\/h2>\t\t\t\t<\/div>\n\t\t\t\t<div class=\"elementor-element elementor-element-437a7bb elementor-widget elementor-widget-text-editor\" data-id=\"437a7bb\" data-element_type=\"widget\" data-e-type=\"widget\" data-widget_type=\"text-editor.default\">\n\t\t\t\t\t\t\t\t\t<p>La Fianza tiene por objetivo garantizar obligaciones que terceras personas (fiados) hayan contra\u00eddo, por lo que se concluye, que para que la fianza exista es imprescindible la existencia de una obligaci\u00f3n principal, raz\u00f3n por la cual se dice que la fianza es un contrato accesorio que est\u00e1 sujeto a la suerte del contrato principal. Es accesorio b\u00e1sicamente porque:<\/p>\n<ul>\n<li>No existe sin una obligaci\u00f3n principal.<\/li>\n<li>Requiere la existencia de un deudor principal.<\/li>\n<li>Garantiza el cumplimiento de una obligaci\u00f3n contra\u00edda por el deudor principal.<\/li>\n<\/ul>\t\t\t\t\t\t\t\t<\/div>\n\t\t\t\t<div class=\"elementor-element elementor-element-a0da951 elementor-widget elementor-widget-heading\" data-id=\"a0da951\" data-element_type=\"widget\" data-e-type=\"widget\" data-widget_type=\"heading.default\">\n\t\t\t\t\t<h2 class=\"elementor-heading-title elementor-size-default\">Elementos que intervienen en la contrataci\u00f3n de una fianza<\/h2>\t\t\t\t<\/div>\n\t\t\t\t<div class=\"elementor-element elementor-element-62183b0 elementor-widget elementor-widget-text-editor\" data-id=\"62183b0\" data-element_type=\"widget\" data-e-type=\"widget\" data-widget_type=\"text-editor.default\">\n\t\t\t\t\t\t\t\t\t<p>Toda obligaci\u00f3n ya sea principal o accesoria, requiere de la existencia de tres elementos:<\/p><ul><li>Sujetos: Activo y Pasivo<\/li><li>Relaci\u00f3n jur\u00eddica<\/li><li>Objeto: dar, hacer o no hacer<\/li><\/ul><p><strong>Sujeto Activo:<\/strong> es quien tiene el derecho de exigir el cumplimiento de las obligaciones establecidas a su favor, trat\u00e1ndose de obligaciones principales ser\u00e1 el acreedor y trat\u00e1ndose de la fianza ser\u00e1 el beneficiario.<\/p><p><strong>Sujeto pasivo:<\/strong> es quien tiene el deber de cumplir con las obligaciones asumidas por \u00e9l; En obligaciones principales se le denomina deudor y en la fianza se le conoce como fiado.<\/p><p><strong>Relaci\u00f3n jur\u00eddica:<\/strong> representa un v\u00ednculo de dependencia temporal de dos personas para alcanzar un fin previamente determinado y convenido por ambos.<\/p><p>Toda obligaci\u00f3n deber\u00e1 tener el car\u00e1cter jur\u00eddico, la relaci\u00f3n entre el deudor y el acreedor deber\u00e1 estar protegida por la ley para que el acreedor pueda tener el derecho de realizar acciones ante autoridades competentes a fin de exigir el cumplimiento de las obligaciones a su favor.<\/p><p><strong>El objeto:<\/strong> en toda obligaci\u00f3n, representa el derecho que el acreedor tiene de exigir al deudor.<\/p>\t\t\t\t\t\t\t\t<\/div>\n\t\t\t\t<div class=\"elementor-element elementor-element-44e8c30 elementor-widget elementor-widget-heading\" data-id=\"44e8c30\" data-element_type=\"widget\" data-e-type=\"widget\" data-widget_type=\"heading.default\">\n\t\t\t\t\t<h2 class=\"elementor-heading-title elementor-size-default\">El objeto puede ser de tres tipos:<\/h2>\t\t\t\t<\/div>\n\t\t\t\t<div class=\"elementor-element elementor-element-fcf5c39 elementor-widget elementor-widget-heading\" data-id=\"fcf5c39\" data-element_type=\"widget\" data-e-type=\"widget\" data-widget_type=\"heading.default\">\n\t\t\t\t\t<h2 class=\"elementor-heading-title elementor-size-default\">Obligaci\u00f3n<\/h2>\t\t\t\t<\/div>\n\t\t\t\t<div class=\"elementor-element elementor-element-733f42a elementor-widget elementor-widget-text-editor\" data-id=\"733f42a\" data-element_type=\"widget\" data-e-type=\"widget\" data-widget_type=\"text-editor.default\">\n\t\t\t\t\t\t\t\t\t<p><strong>Dar:<\/strong> pudiendo ser la daci\u00f3n de una cosa, la transmisi\u00f3n de propiedad de un bien o un derecho.<\/p><p><strong>Hacer:<\/strong> representa la realizaci\u00f3n de ciertos actos o hechos o la prestaci\u00f3n de un servicio.<\/p><p><strong>No hacer:<\/strong> en este caso puede constituir un hecho negativo, una abstenci\u00f3n de realizar ciertos<br \/>actos o hechos.<\/p><p>Las obligaciones, ya sean de dar, hacer o no hacer, deber\u00e1n tener un contenido econ\u00f3mico, para que en caso de incumplimiento, el juez pueda condenar al deudor al pago de su equivalente en dinero.<\/p>\t\t\t\t\t\t\t\t<\/div>\n\t\t\t\t<div class=\"elementor-element elementor-element-306c777 elementor-widget elementor-widget-text-editor\" data-id=\"306c777\" data-element_type=\"widget\" data-e-type=\"widget\" data-widget_type=\"text-editor.default\">\n\t\t\t\t\t\t\t\t\t<p>Existen varias acepciones de este t\u00e9rmino, para el fin que nos ocupa, la definici\u00f3n m\u00e1s propia ser\u00eda:<\/p>\n<p>Relaci\u00f3n jur\u00eddica entre dos personas en virtud de la cual una de ellas, llamada deudor, queda sujeta para con otra, llamada acreedor, a una prestaci\u00f3n o a una abstenci\u00f3n de car\u00e1cter patrimonial que el acreedor puede exigir al deudor.<\/p>\n<p>No obstante que existen diversos criterios para clasificar las obligaciones, para el fin que nos ocupa, \u00fanicamente se mencionar\u00e1 la clasificaci\u00f3n que se refiere al origen de \u00e9stas:<\/p>\n<p>Principales: son aquellas que tienen una existencia propia, pues basta con la manifestaci\u00f3n de voluntades de los contratantes para nacer, subsistir, modificarse o extinguirse.<\/p>\n<p>Accesorias: se encuentran supeditadas a la existencia de las obligaciones principales para que puedan nacer, subsistir, modificarse o extinguirse. Las obligaciones accesorias son conocidas tambi\u00e9n como obligaciones secundarias.<\/p>\t\t\t\t\t\t\t\t<\/div>\n\t\t\t\t<\/div>\n\t\t\t\t<\/div>\n\t\t\t\t<\/div>\n\t\t","protected":false},"excerpt":{"rendered":"<p>Objetivo de una fianza Objetivo de la fianza La Fianza tiene por objetivo garantizar obligaciones que terceras personas (fiados) hayan contra\u00eddo, por lo que se concluye, que para que la fianza exista es imprescindible la existencia de una obligaci\u00f3n principal, raz\u00f3n por la cual se dice que la fianza es un contrato accesorio que est\u00e1 [&hellip;]<\/p>\n","protected":false},"author":1,"featured_media":0,"parent":0,"menu_order":0,"comment_status":"closed","ping_status":"closed","template":"elementor_header_footer","meta":{"footnotes":""},"class_list":["post-412","page","type-page","status-publish","hentry"],"_links":{"self":[{"href":"https:\/\/fianzasatlas.com.mx\/web\/wp-json\/wp\/v2\/pages\/412","targetHints":{"allow":["GET"]}}],"collection":[{"href":"https:\/\/fianzasatlas.com.mx\/web\/wp-json\/wp\/v2\/pages"}],"about":[{"href":"https:\/\/fianzasatlas.com.mx\/web\/wp-json\/wp\/v2\/types\/page"}],"author":[{"embeddable":true,"href":"https:\/\/fianzasatlas.com.mx\/web\/wp-json\/wp\/v2\/users\/1"}],"replies":[{"embeddable":true,"href":"https:\/\/fianzasatlas.com.mx\/web\/wp-json\/wp\/v2\/comments?post=412"}],"version-history":[{"count":31,"href":"https:\/\/fianzasatlas.com.mx\/web\/wp-json\/wp\/v2\/pages\/412\/revisions"}],"predecessor-version":[{"id":1499,"href":"https:\/\/fianzasatlas.com.mx\/web\/wp-json\/wp\/v2\/pages\/412\/revisions\/1499"}],"wp:attachment":[{"href":"https:\/\/fianzasatlas.com.mx\/web\/wp-json\/wp\/v2\/media?parent=412"}],"curies":[{"name":"wp","href":"https:\/\/api.w.org\/{rel}","templated":true}]}}