{"id":354,"date":"2025-11-24T19:41:38","date_gmt":"2025-11-24T19:41:38","guid":{"rendered":"https:\/\/fianzasatlas.com.mx\/web\/?page_id=354"},"modified":"2026-02-18T18:25:28","modified_gmt":"2026-02-18T18:25:28","slug":"que-es-una-fianza","status":"publish","type":"page","link":"https:\/\/fianzasatlas.com.mx\/web\/que-es-una-fianza\/","title":{"rendered":"Qu\u00e9 es una Fianza"},"content":{"rendered":"\t\t<div data-elementor-type=\"wp-page\" data-elementor-id=\"354\" class=\"elementor elementor-354\" data-elementor-post-type=\"page\">\n\t\t\t\t<div class=\"elementor-element elementor-element-19a4e53 e-con-full e-flex e-con e-parent\" data-id=\"19a4e53\" data-element_type=\"container\" data-e-type=\"container\">\n\t\t<div class=\"elementor-element elementor-element-23dd86c e-con-full e-flex e-con e-child\" data-id=\"23dd86c\" data-element_type=\"container\" data-e-type=\"container\" data-settings=\"{&quot;background_background&quot;:&quot;classic&quot;}\">\n\t\t\t\t<div class=\"elementor-element elementor-element-ca6087e elementor-widget elementor-widget-heading\" data-id=\"ca6087e\" data-element_type=\"widget\" data-e-type=\"widget\" data-widget_type=\"heading.default\">\n\t\t\t\t\t<h2 class=\"elementor-heading-title elementor-size-default\">\u00bfQu\u00e9 es una fianza?<\/h2>\t\t\t\t<\/div>\n\t\t\t\t<\/div>\n\t\t\t\t<\/div>\n\t\t<div class=\"elementor-element elementor-element-d5acd30 e-con-full e-flex e-con e-parent\" data-id=\"d5acd30\" data-element_type=\"container\" data-e-type=\"container\">\n\t\t<div class=\"elementor-element elementor-element-5613cfe e-con-full e-flex e-con e-child\" data-id=\"5613cfe\" data-element_type=\"container\" data-e-type=\"container\">\n\t\t\t\t<div class=\"elementor-element elementor-element-4a8a2a0 elementor-widget elementor-widget-image\" data-id=\"4a8a2a0\" data-element_type=\"widget\" data-e-type=\"widget\" data-widget_type=\"image.default\">\n\t\t\t\t\t\t\t\t\t\t\t\t\t\t\t<img fetchpriority=\"high\" decoding=\"async\" width=\"1500\" height=\"1000\" src=\"https:\/\/fianzasatlas.com.mx\/web\/wp-content\/uploads\/2025\/11\/Fianzasycaucionesatlas_queesunafianza.webp\" class=\"attachment-full size-full wp-image-361\" alt=\"\" srcset=\"https:\/\/fianzasatlas.com.mx\/web\/wp-content\/uploads\/2025\/11\/Fianzasycaucionesatlas_queesunafianza.webp 1500w, https:\/\/fianzasatlas.com.mx\/web\/wp-content\/uploads\/2025\/11\/Fianzasycaucionesatlas_queesunafianza-300x200.webp 300w, https:\/\/fianzasatlas.com.mx\/web\/wp-content\/uploads\/2025\/11\/Fianzasycaucionesatlas_queesunafianza-1024x683.webp 1024w, https:\/\/fianzasatlas.com.mx\/web\/wp-content\/uploads\/2025\/11\/Fianzasycaucionesatlas_queesunafianza-768x512.webp 768w\" sizes=\"(max-width: 1500px) 100vw, 1500px\" \/>\t\t\t\t\t\t\t\t\t\t\t\t\t\t\t<\/div>\n\t\t\t\t<\/div>\n\t\t<div class=\"elementor-element elementor-element-9dac2d2 e-con-full e-flex e-con e-child\" data-id=\"9dac2d2\" data-element_type=\"container\" data-e-type=\"container\">\n\t\t\t\t<div class=\"elementor-element elementor-element-80326b6 elementor-widget elementor-widget-heading\" data-id=\"80326b6\" data-element_type=\"widget\" data-e-type=\"widget\" data-widget_type=\"heading.default\">\n\t\t\t\t\t<h2 class=\"elementor-heading-title elementor-size-default\">\u00bfQu\u00e9 es una fianza?<\/h2>\t\t\t\t<\/div>\n\t\t\t\t<div class=\"elementor-element elementor-element-2dcb7cd elementor-widget elementor-widget-text-editor\" data-id=\"2dcb7cd\" data-element_type=\"widget\" data-e-type=\"widget\" data-widget_type=\"text-editor.default\">\n\t\t\t\t\t\t\t\t\t<p>La fianza es un contrato accesorio mediante el cual una persona f\u00edsica o moral, generalmente una instituci\u00f3n de fianzas se obliga frente a un acreedor a garantizar el cumplimiento de una obligaci\u00f3n de contenido econ\u00f3mico asumida por un deudor principal, comprometi\u00e9ndose a pagar o responder por \u00e9ste en caso de que no cumpla con dicha obligaci\u00f3n, ya sea frente a una persona f\u00edsica o moral, p\u00fablica o privada.<\/p>\t\t\t\t\t\t\t\t<\/div>\n\t\t\t\t<div class=\"elementor-element elementor-element-0544b6f elementor-widget elementor-widget-heading\" data-id=\"0544b6f\" data-element_type=\"widget\" data-e-type=\"widget\" data-widget_type=\"heading.default\">\n\t\t\t\t\t<h2 class=\"elementor-heading-title elementor-size-default\">Caracter\u00edsticas<\/h2>\t\t\t\t<\/div>\n\t\t\t\t<div class=\"elementor-element elementor-element-6ed1883 elementor-widget elementor-widget-text-editor\" data-id=\"6ed1883\" data-element_type=\"widget\" data-e-type=\"widget\" data-widget_type=\"text-editor.default\">\n\t\t\t\t\t\t\t\t\t<p><br \/>Las caracter\u00edsticas de la fianza son:<\/p><ul><li>Se otorga a T\u00edtulo oneroso (cobro de primas por el servicio)<\/li><li>El fiador es una persona moral debidamente autorizada por SHCP<\/li><li>Se garantiza la obligaci\u00f3n mediante una p\u00f3liza<\/li><\/ul>\t\t\t\t\t\t\t\t<\/div>\n\t\t\t\t<div class=\"elementor-element elementor-element-e78bb90 elementor-widget elementor-widget-heading\" data-id=\"e78bb90\" data-element_type=\"widget\" data-e-type=\"widget\" data-widget_type=\"heading.default\">\n\t\t\t\t\t<h2 class=\"elementor-heading-title elementor-size-default\">Elementos que intervienen en la contrataci\u00f3n de una fianza<\/h2>\t\t\t\t<\/div>\n\t\t\t\t<div class=\"elementor-element elementor-element-9b6a37b elementor-widget elementor-widget-text-editor\" data-id=\"9b6a37b\" data-element_type=\"widget\" data-e-type=\"widget\" data-widget_type=\"text-editor.default\">\n\t\t\t\t\t\t\t\t\t<ul><li>Beneficiario de la p\u00f3liza: persona f\u00edsica o moral a quien se otorga la p\u00f3liza<\/li><li>Fiado: persona f\u00edsica o moral a nombre de quien se emite la p\u00f3liza<\/li><li>Obligado solidario: es la persona f\u00edsica o moral que se compromete con sus bienes de forma colateral a cumplir la obligaci\u00f3n contra\u00edda por el fiado ante la afianzadora en caso de que el fiado no cumpla.<\/li><li>Intermediario: es la persona f\u00edsica o moral que pone en contacto a la afianzadora de una relaci\u00f3n jur\u00eddica comercial<\/li><li>Afianzadora: es la persona moral autorizada legalmente para otorgar fianzas.<\/li><\/ul>\t\t\t\t\t\t\t\t<\/div>\n\t\t\t\t<div class=\"elementor-element elementor-element-d1bbf24 elementor-widget elementor-widget-heading\" data-id=\"d1bbf24\" data-element_type=\"widget\" data-e-type=\"widget\" data-widget_type=\"heading.default\">\n\t\t\t\t\t<h2 class=\"elementor-heading-title elementor-size-default\">Diferencia entre Seguro y Fianza<\/h2>\t\t\t\t<\/div>\n\t\t\t\t<div class=\"elementor-element elementor-element-c80ec92 elementor-widget elementor-widget-text-editor\" data-id=\"c80ec92\" data-element_type=\"widget\" data-e-type=\"widget\" data-widget_type=\"text-editor.default\">\n\t\t\t\t\t\t\t\t\t<ul><li><p>El seguro es un contrato principal, en tanto la fianza es un contrato accesorio de garant\u00eda.<\/p><\/li><li><p>Las prestaciones del asegurador consisten en asumir riesgos. A su vez en la fianza se garantiza el pago o el cumplimiento de una obligaci\u00f3n de dar de hacer o de no hacer.<\/p><\/li><li><p>El cobro de primas en las fianzas se establece como porcentaje del monto afianzado y en los seguros se tiene en cuenta la posibilidad de p\u00e9rdidas y experiencia acumulada.<\/p><\/li><li><p>La fianza, es un contrato tripartito, pues intervienen tres elementos personales, el fiado, el acreedor y la afianzadora. Por su parte el seguro es un contrato bipartito y cuenta s\u00f3lo con dos elementos personales, la aseguradora y el asegurado.<\/p><\/li><li><p>En el contrato de seguro, a petici\u00f3n del asegurado, este puede cancelarlo en cualquier momento. La fianza de empresa s\u00f3lo puede ser cancelada cuando la obligaci\u00f3n principal termine.<\/p><\/li><li><p>Los contratos se seguros y fianzas tambi\u00e9n difieren en cuanto la actualizaci\u00f3n del objeto protegido, ya que cuando acontece la eventualidad prevista en el contrato, se presente el siniestro en materia de seguros. En fianzas, cuando el fiado incumple con la obligaci\u00f3n garantizada, el beneficiario deber\u00e1 presentar formal reclamaci\u00f3n.<\/p><\/li><\/ul>\t\t\t\t\t\t\t\t<\/div>\n\t\t\t\t<div class=\"elementor-element elementor-element-5b06c69 elementor-widget elementor-widget-heading\" data-id=\"5b06c69\" data-element_type=\"widget\" data-e-type=\"widget\" data-widget_type=\"heading.default\">\n\t\t\t\t\t<h2 class=\"elementor-heading-title elementor-size-default\">Afianzadora\n<\/h2>\t\t\t\t<\/div>\n\t\t\t\t<div class=\"elementor-element elementor-element-988bdfd elementor-widget elementor-widget-text-editor\" data-id=\"988bdfd\" data-element_type=\"widget\" data-e-type=\"widget\" data-widget_type=\"text-editor.default\">\n\t\t\t\t\t\t\t\t\t<p>Una compa\u00f1\u00eda afianzadora es una persona moral, cuyo objetivo espec\u00edfico es el de expedir p\u00f3lizas (fianza) mediante el cobro de una prima, con las cuales se garantice el cumplimiento de determinadas obligaciones.<\/p><p>Su funci\u00f3n principal consiste en garantizar el cumplimiento de obligaciones, mediante el establecimiento de la fianza como instrumento de garant\u00eda.<\/p>\t\t\t\t\t\t\t\t<\/div>\n\t\t\t\t<div class=\"elementor-element elementor-element-b5e142d elementor-widget elementor-widget-heading\" data-id=\"b5e142d\" data-element_type=\"widget\" data-e-type=\"widget\" data-widget_type=\"heading.default\">\n\t\t\t\t\t<h2 class=\"elementor-heading-title elementor-size-default\">Importancia de una Afianzadora<\/h2>\t\t\t\t<\/div>\n\t\t\t\t<div class=\"elementor-element elementor-element-99ea563 elementor-widget elementor-widget-text-editor\" data-id=\"99ea563\" data-element_type=\"widget\" data-e-type=\"widget\" data-widget_type=\"text-editor.default\">\n\t\t\t\t\t\t\t\t\t<ul><li>Prestan sus servicios de liquidez y solvencia<\/li><li>Al obligarse a cumplir las obligaciones afianzadas, si sus fiados no lo hacen, prestan a estos su propia solvencia.<\/li><li>Ayuda al desarrollo econ\u00f3mico y social de un pa\u00eds. Es fundamental al garantizar las obras de infraestructura que coadyuvaran al bienestar social.<\/li><\/ul>\t\t\t\t\t\t\t\t<\/div>\n\t\t\t\t<\/div>\n\t\t\t\t<\/div>\n\t\t\t\t<\/div>\n\t\t","protected":false},"excerpt":{"rendered":"<p>\u00bfQu\u00e9 es una fianza? \u00bfQu\u00e9 es una fianza? La fianza es un contrato accesorio mediante el cual una persona f\u00edsica o moral, generalmente una instituci\u00f3n de fianzas se obliga frente a un acreedor a garantizar el cumplimiento de una obligaci\u00f3n de contenido econ\u00f3mico asumida por un deudor principal, comprometi\u00e9ndose a pagar o responder por \u00e9ste [&hellip;]<\/p>\n","protected":false},"author":1,"featured_media":0,"parent":0,"menu_order":0,"comment_status":"closed","ping_status":"closed","template":"elementor_header_footer","meta":{"footnotes":""},"class_list":["post-354","page","type-page","status-publish","hentry"],"_links":{"self":[{"href":"https:\/\/fianzasatlas.com.mx\/web\/wp-json\/wp\/v2\/pages\/354","targetHints":{"allow":["GET"]}}],"collection":[{"href":"https:\/\/fianzasatlas.com.mx\/web\/wp-json\/wp\/v2\/pages"}],"about":[{"href":"https:\/\/fianzasatlas.com.mx\/web\/wp-json\/wp\/v2\/types\/page"}],"author":[{"embeddable":true,"href":"https:\/\/fianzasatlas.com.mx\/web\/wp-json\/wp\/v2\/users\/1"}],"replies":[{"embeddable":true,"href":"https:\/\/fianzasatlas.com.mx\/web\/wp-json\/wp\/v2\/comments?post=354"}],"version-history":[{"count":46,"href":"https:\/\/fianzasatlas.com.mx\/web\/wp-json\/wp\/v2\/pages\/354\/revisions"}],"predecessor-version":[{"id":1460,"href":"https:\/\/fianzasatlas.com.mx\/web\/wp-json\/wp\/v2\/pages\/354\/revisions\/1460"}],"wp:attachment":[{"href":"https:\/\/fianzasatlas.com.mx\/web\/wp-json\/wp\/v2\/media?parent=354"}],"curies":[{"name":"wp","href":"https:\/\/api.w.org\/{rel}","templated":true}]}}