{"id":22,"date":"2025-11-22T16:21:16","date_gmt":"2025-11-22T16:21:16","guid":{"rendered":"https:\/\/fianzasatlas.com.mx\/web\/?page_id=22"},"modified":"2025-12-18T21:05:27","modified_gmt":"2025-12-18T21:05:27","slug":"servicios-web","status":"publish","type":"page","link":"https:\/\/fianzasatlas.com.mx\/web\/servicios-web\/","title":{"rendered":"Servicios Web"},"content":{"rendered":"\t\t<div data-elementor-type=\"wp-page\" data-elementor-id=\"22\" class=\"elementor elementor-22\" data-elementor-post-type=\"page\">\n\t\t\t\t<div class=\"elementor-element elementor-element-b384b0f e-con-full e-flex e-con e-parent\" data-id=\"b384b0f\" data-element_type=\"container\" data-e-type=\"container\">\n\t\t<div class=\"elementor-element elementor-element-d01269c e-con-full e-flex e-con e-child\" data-id=\"d01269c\" data-element_type=\"container\" data-e-type=\"container\" data-settings=\"{&quot;background_background&quot;:&quot;classic&quot;}\">\n\t\t\t\t<div class=\"elementor-element elementor-element-b0bf9fa elementor-widget elementor-widget-heading\" data-id=\"b0bf9fa\" data-element_type=\"widget\" data-e-type=\"widget\" data-widget_type=\"heading.default\">\n\t\t\t\t\t<h2 class=\"elementor-heading-title elementor-size-default\">SERVICIOS WEB<\/h2>\t\t\t\t<\/div>\n\t\t\t\t<\/div>\n\t\t\t\t<\/div>\n\t\t<div class=\"elementor-element elementor-element-fe9e292 e-con-full e-flex e-con e-parent\" data-id=\"fe9e292\" data-element_type=\"container\" data-e-type=\"container\">\n\t\t<div class=\"elementor-element elementor-element-aa10325 e-con-full e-flex e-con e-child\" data-id=\"aa10325\" data-element_type=\"container\" data-e-type=\"container\">\n\t\t<div class=\"elementor-element elementor-element-8d6be56 e-con-full e-flex e-con e-child\" data-id=\"8d6be56\" data-element_type=\"container\" data-e-type=\"container\" data-settings=\"{&quot;background_background&quot;:&quot;classic&quot;}\">\n\t\t\t\t<div class=\"elementor-element elementor-element-c780f23 elementor-widget__width-initial elementor-widget elementor-widget-text-editor\" data-id=\"c780f23\" data-element_type=\"widget\" data-e-type=\"widget\" data-widget_type=\"text-editor.default\">\n\t\t\t\t\t\t\t\t\t<p>AVISO DE PROCESO ELECTR\u00d3NICO<\/p>\t\t\t\t\t\t\t\t<\/div>\n\t\t\t\t<div class=\"elementor-element elementor-element-9fab2cc elementor-widget__width-initial elementor-widget elementor-widget-html\" data-id=\"9fab2cc\" data-element_type=\"widget\" data-e-type=\"widget\" data-widget_type=\"html.default\">\n\t\t\t\t\t<div class=\"fianza-wrapper\">\n<form action=\"https:\/\/www.fianzasatlas.net\/atlas2011\/validar.php\" method=\"post\" target=\"_blank\" class=\"fianza-login-form\">\n\n  <div class=\"fianza-form-row\">\n    <label for=\"username\">Usuario<\/label>\n    <input type=\"text\" name=\"username\" id=\"username\" required>\n  <\/div>\n\n  <div class=\"fianza-form-row\">\n    <label for=\"password\">Password<\/label>\n    <input type=\"password\" name=\"password\" id=\"password\" required>\n  <\/div>\n\n  <div class=\"fianza-form-row\">\n    <button type=\"submit\" class=\"fianza-btn-submit\">ENVIAR<\/button>\n  <\/div>\n\n<\/form>\n<\/div>\t\t\t\t<\/div>\n\t\t\t\t<\/div>\n\t\t\t\t<\/div>\n\t\t<div class=\"elementor-element elementor-element-fccfc22 e-con-full e-flex e-con e-child\" data-id=\"fccfc22\" data-element_type=\"container\" data-e-type=\"container\">\n\t\t<a class=\"elementor-element elementor-element-ec348e1 e-con-full e-flex e-con e-child\" data-id=\"ec348e1\" data-element_type=\"container\" data-e-type=\"container\" data-settings=\"{&quot;background_background&quot;:&quot;classic&quot;}\" href=\"https:\/\/fianzasatlas.com.mx\/web\/wp-content\/uploads\/2025\/12\/calificacion_sp_2025a.pdf\">\n\t\t\t\t<div class=\"elementor-element elementor-element-07d6e93 elementor-widget elementor-widget-text-editor\" data-id=\"07d6e93\" data-element_type=\"widget\" data-e-type=\"widget\" data-widget_type=\"text-editor.default\">\n\t\t\t\t\t\t\t\t\t<p>Calificaci\u00f3n S&amp;P 2025<\/p>\t\t\t\t\t\t\t\t<\/div>\n\t\t\t\t<\/a>\n\t\t<a class=\"elementor-element elementor-element-538448d e-con-full e-flex e-con e-child\" data-id=\"538448d\" data-element_type=\"container\" data-e-type=\"container\" data-settings=\"{&quot;background_background&quot;:&quot;classic&quot;}\" href=\"https:\/\/fianzasatlas.com.mx\/web\/wp-content\/uploads\/2025\/12\/SP2024.pdf\" target=\"_blank\">\n\t\t\t\t<div class=\"elementor-element elementor-element-8d424ce elementor-widget elementor-widget-text-editor\" data-id=\"8d424ce\" data-element_type=\"widget\" data-e-type=\"widget\" data-widget_type=\"text-editor.default\">\n\t\t\t\t\t\t\t\t\t<p>Calificaci\u00f3n S&amp;P 2024<\/p>\t\t\t\t\t\t\t\t<\/div>\n\t\t\t\t<\/a>\n\t\t\t\t<\/div>\n\t\t\t\t<\/div>\n\t\t\t\t<\/div>\n\t\t","protected":false},"excerpt":{"rendered":"<p>SERVICIOS WEB AVISO DE PROCESO ELECTR\u00d3NICO Usuario Password ENVIAR Calificaci\u00f3n S&amp;P 2025 Calificaci\u00f3n S&amp;P 2024<\/p>\n","protected":false},"author":1,"featured_media":0,"parent":0,"menu_order":0,"comment_status":"closed","ping_status":"closed","template":"elementor_header_footer","meta":{"footnotes":""},"class_list":["post-22","page","type-page","status-publish","hentry"],"_links":{"self":[{"href":"https:\/\/fianzasatlas.com.mx\/web\/wp-json\/wp\/v2\/pages\/22","targetHints":{"allow":["GET"]}}],"collection":[{"href":"https:\/\/fianzasatlas.com.mx\/web\/wp-json\/wp\/v2\/pages"}],"about":[{"href":"https:\/\/fianzasatlas.com.mx\/web\/wp-json\/wp\/v2\/types\/page"}],"author":[{"embeddable":true,"href":"https:\/\/fianzasatlas.com.mx\/web\/wp-json\/wp\/v2\/users\/1"}],"replies":[{"embeddable":true,"href":"https:\/\/fianzasatlas.com.mx\/web\/wp-json\/wp\/v2\/comments?post=22"}],"version-history":[{"count":34,"href":"https:\/\/fianzasatlas.com.mx\/web\/wp-json\/wp\/v2\/pages\/22\/revisions"}],"predecessor-version":[{"id":916,"href":"https:\/\/fianzasatlas.com.mx\/web\/wp-json\/wp\/v2\/pages\/22\/revisions\/916"}],"wp:attachment":[{"href":"https:\/\/fianzasatlas.com.mx\/web\/wp-json\/wp\/v2\/media?parent=22"}],"curies":[{"name":"wp","href":"https:\/\/api.w.org\/{rel}","templated":true}]}}